{"id":955,"date":"2023-04-05T17:18:02","date_gmt":"2023-04-05T17:18:02","guid":{"rendered":"http:\/\/autonorte.x10.mx\/wp\/?page_id=955"},"modified":"2023-12-11T17:49:19","modified_gmt":"2023-12-11T17:49:19","slug":"blog","status":"publish","type":"page","link":"https:\/\/autonorte.com.br\/autonorte\/blog\/","title":{"rendered":"Blog"},"content":{"rendered":"\t\t<div data-elementor-type=\"wp-page\" data-elementor-id=\"955\" class=\"elementor elementor-955\">\n\t\t\t\t\t\t<section class=\"elementor-section elementor-top-section elementor-element elementor-element-796e277 elementor-section-boxed elementor-section-height-default elementor-section-height-default\" data-id=\"796e277\" data-element_type=\"section\" data-e-type=\"section\">\n\t\t\t\t\t\t<div class=\"elementor-container elementor-column-gap-default\">\n\t\t\t\t\t<div class=\"elementor-column elementor-col-100 elementor-top-column elementor-element elementor-element-da2428f\" data-id=\"da2428f\" data-element_type=\"column\" data-e-type=\"column\">\n\t\t\t<div class=\"elementor-widget-wrap elementor-element-populated\">\n\t\t\t\t\t\t<div class=\"elementor-element elementor-element-47c4c40 elementor-grid-4 elementor-widget__width-initial elementor-grid-tablet-2 elementor-grid-mobile-1 elementor-posts--align-left elementor-widget elementor-widget-blogmentor_blog_posts\" data-id=\"47c4c40\" data-element_type=\"widget\" data-e-type=\"widget\" data-settings=\"{&quot;bm_grid_columns&quot;:&quot;4&quot;,&quot;bm_grid_columns_tablet&quot;:&quot;2&quot;,&quot;bm_grid_columns_mobile&quot;:&quot;1&quot;,&quot;post_card_grid_gap&quot;:{&quot;unit&quot;:&quot;px&quot;,&quot;size&quot;:10,&quot;sizes&quot;:[]},&quot;post_card_row_gap&quot;:{&quot;unit&quot;:&quot;px&quot;,&quot;size&quot;:35,&quot;sizes&quot;:[]}}\" data-widget_type=\"blogmentor_blog_posts.default\">\n\t\t\t\t<div class=\"elementor-widget-container\">\n\t\t\t\t\t\t\t\n\t\t\t\t\t\t\t\t<div class=\"bm-blog-posts-wrapper\" >\n\t\t\t\t\t\t\t<div class=\"bm-blog-posts bm-display-grid elementor-grid elementor-grid-4\" >\n\t\t\t\t<!-- Start Blog Layout 2 -->\n\t<div class=\"grid-item grid-style-2\">\n\t\t<div class=\"grid-item-wrapper bm_content_box\">\n\t\t\t<div class=\"grid-item-container\">\n\t\t\t\t<div class=\"grid-image entry-post-image\">\n\t\t\t\t\t<div class=\"bm-post-image clearfix bm-hover-effect bm-hover-effect-blur\">\n\t\t\t\t\t\t<img fetchpriority=\"high\" decoding=\"async\" width=\"250\" height=\"250\" src=\"https:\/\/autonorte.com.br\/autonorte\/wp-content\/uploads\/2025\/06\/Capa-do-Site-Comunicado-Fraude-2-250x250.png\" class=\"attachment-bm-post-thumb size-bm-post-thumb wp-post-image\" alt=\"\" srcset=\"https:\/\/autonorte.com.br\/autonorte\/wp-content\/uploads\/2025\/06\/Capa-do-Site-Comunicado-Fraude-2-250x250.png 250w, https:\/\/autonorte.com.br\/autonorte\/wp-content\/uploads\/2025\/06\/Capa-do-Site-Comunicado-Fraude-2-150x150.png 150w\" sizes=\"(max-width: 250px) 100vw, 250px\" \/>\t\t\t\t\t<\/div>\n\t\t\t\t<\/div>\n\t\t\t\t<div class=\"bm-blog-post-content bm_content_box\">\n\t\t\t\t\t<h4 class=\"item-title bm_title\"><a href=\"https:\/\/autonorte.com.br\/autonorte\/2025\/06\/04\/comunicado-oficial-da-auto-norte\/\" rel=\"bookmark\">Comunicado Oficial da Auto Norte<\/a><\/h4>\t\t\t\t\t<div class=\"item-excerpt bm_content\">\n\t\t\t\t\t\t\t\t\t\t<\/div>\n\t\t\t\t\t<div class=\"items-meta bm_meta\">\n\t\t\t\t\t<span class=\"byauthor\"><i class=\"fa fa-user\" aria-hidden=\"true\"><\/i><span class=\"screen-reader-text\">Posted by<\/span><span class=\"author vcard\"><a class=\"url fn n\" href=\"https:\/\/autonorte.com.br\/autonorte\/author\/admin\/\">admin<\/a><\/span><\/span><span class=\"posted-on\"><i class=\"fa fa-clock\" aria-hidden=\"true\"><\/i><a href=\"https:\/\/autonorte.com.br\/autonorte\/2025\/06\/04\/comunicado-oficial-da-auto-norte\/\" rel=\"bookmark\">junho 4, 2025<\/a><\/span><span class=\"comments-link\"><i class=\"fa fa-comments\" aria-hidden=\"true\"><\/i>0<\/span><span class=\"cat-links\"><i class=\"fa fa-list-alt\" aria-hidden=\"true\"><\/i>\n<span class=\"screen-reader-text\">Posted in<\/span><a href=\"https:\/\/autonorte.com.br\/autonorte\/category\/uncategorized\/\" rel=\"category tag\">Uncategorized<\/a><\/span>\t\t\t\t\t<\/div>\n\t\t\t\t<\/div>\n\t\t\t<\/div>\n\t\t<\/div>\n\t<\/div>\n\t<div class=\"grid-item grid-style-2\">\n\t\t<div class=\"grid-item-wrapper bm_content_box\">\n\t\t\t<div class=\"grid-item-container\">\n\t\t\t\t<div class=\"grid-image entry-post-image\">\n\t\t\t\t\t<div class=\"bm-post-image clearfix bm-hover-effect bm-hover-effect-blur\">\n\t\t\t\t\t\t<img decoding=\"async\" width=\"250\" height=\"250\" src=\"https:\/\/autonorte.com.br\/autonorte\/wp-content\/uploads\/2023\/10\/GPTW-PE-250x250.png\" class=\"attachment-bm-post-thumb size-bm-post-thumb wp-post-image\" alt=\"\" srcset=\"https:\/\/autonorte.com.br\/autonorte\/wp-content\/uploads\/2023\/10\/GPTW-PE-250x250.png 250w, https:\/\/autonorte.com.br\/autonorte\/wp-content\/uploads\/2023\/10\/GPTW-PE-150x150.png 150w\" sizes=\"(max-width: 250px) 100vw, 250px\" \/>\t\t\t\t\t<\/div>\n\t\t\t\t<\/div>\n\t\t\t\t<div class=\"bm-blog-post-content bm_content_box\">\n\t\t\t\t\t<h4 class=\"item-title bm_title\"><a href=\"https:\/\/autonorte.com.br\/autonorte\/2023\/10\/27\/certificacao-gptw-pernambuco\/\" rel=\"bookmark\">Certifica\u00e7\u00e3o GPTW Pernambuco!<\/a><\/h4>\t\t\t\t\t<div class=\"item-excerpt bm_content\">\n\t\t\t\t\tEstamos emocionados em anunciar que o Grupo Auto Norte foi certificado pelo Great Place to Work a n\u00edvel Pernambuco. Este reconhecimento \u00e9 uma prova tang\u00edvel de nosso compromisso cont\u00ednuo em<a href=\"https:\/\/autonorte.com.br\/autonorte\/2023\/10\/27\/certificacao-gptw-pernambuco\/\" rel=\"bookmark\" class=\"more-info entry-read-more\">Read More \u00bb<\/a>\t\t\t\t\t<\/div>\n\t\t\t\t\t<div class=\"items-meta bm_meta\">\n\t\t\t\t\t<span class=\"byauthor\"><i class=\"fa fa-user\" aria-hidden=\"true\"><\/i><span class=\"screen-reader-text\">Posted by<\/span><span class=\"author vcard\"><a class=\"url fn n\" href=\"https:\/\/autonorte.com.br\/autonorte\/author\/admin\/\">admin<\/a><\/span><\/span><span class=\"posted-on\"><i class=\"fa fa-clock\" aria-hidden=\"true\"><\/i><a href=\"https:\/\/autonorte.com.br\/autonorte\/2023\/10\/27\/certificacao-gptw-pernambuco\/\" rel=\"bookmark\">outubro 27, 2023<\/a><\/span><span class=\"comments-link\"><i class=\"fa fa-comments\" aria-hidden=\"true\"><\/i>0<\/span><span class=\"cat-links\"><i class=\"fa fa-list-alt\" aria-hidden=\"true\"><\/i>\n<span class=\"screen-reader-text\">Posted in<\/span><a href=\"https:\/\/autonorte.com.br\/autonorte\/category\/uncategorized\/\" rel=\"category tag\">Uncategorized<\/a><\/span>\t\t\t\t\t<\/div>\n\t\t\t\t<\/div>\n\t\t\t<\/div>\n\t\t<\/div>\n\t<\/div>\n\t<div class=\"grid-item grid-style-2\">\n\t\t<div class=\"grid-item-wrapper bm_content_box\">\n\t\t\t<div class=\"grid-item-container\">\n\t\t\t\t<div class=\"grid-image entry-post-image\">\n\t\t\t\t\t<div class=\"bm-post-image clearfix bm-hover-effect bm-hover-effect-blur\">\n\t\t\t\t\t\t<img decoding=\"async\" width=\"250\" height=\"250\" src=\"https:\/\/autonorte.com.br\/autonorte\/wp-content\/uploads\/2023\/10\/Post-MA-250x250.png\" class=\"attachment-bm-post-thumb size-bm-post-thumb wp-post-image\" alt=\"\" srcset=\"https:\/\/autonorte.com.br\/autonorte\/wp-content\/uploads\/2023\/10\/Post-MA-250x250.png 250w, https:\/\/autonorte.com.br\/autonorte\/wp-content\/uploads\/2023\/10\/Post-MA-150x150.png 150w\" sizes=\"(max-width: 250px) 100vw, 250px\" \/>\t\t\t\t\t<\/div>\n\t\t\t\t<\/div>\n\t\t\t\t<div class=\"bm-blog-post-content bm_content_box\">\n\t\t\t\t\t<h4 class=\"item-title bm_title\"><a href=\"https:\/\/autonorte.com.br\/autonorte\/2023\/10\/27\/maiores-e-melhores-2023\/\" rel=\"bookmark\">Maiores e Melhores Regional &#8211; 2023<\/a><\/h4>\t\t\t\t\t<div class=\"item-excerpt bm_content\">\n\t\t\t\t\tEm Agosto, o Grupo Auto Norte foi selecionado como uma das empresas premiadas no prestigioso evento 'Maiores e Melhores em Distribui\u00e7\u00e3o de Autope\u00e7as'. Essa conquista \u00e9 o resultado do trabalho<a href=\"https:\/\/autonorte.com.br\/autonorte\/2023\/10\/27\/maiores-e-melhores-2023\/\" rel=\"bookmark\" class=\"more-info entry-read-more\">Read More \u00bb<\/a>\t\t\t\t\t<\/div>\n\t\t\t\t\t<div class=\"items-meta bm_meta\">\n\t\t\t\t\t<span class=\"byauthor\"><i class=\"fa fa-user\" aria-hidden=\"true\"><\/i><span class=\"screen-reader-text\">Posted by<\/span><span class=\"author vcard\"><a class=\"url fn n\" href=\"https:\/\/autonorte.com.br\/autonorte\/author\/admin\/\">admin<\/a><\/span><\/span><span class=\"posted-on\"><i class=\"fa fa-clock\" aria-hidden=\"true\"><\/i><a href=\"https:\/\/autonorte.com.br\/autonorte\/2023\/10\/27\/maiores-e-melhores-2023\/\" rel=\"bookmark\">outubro 27, 2023<\/a><\/span><span class=\"comments-link\"><i class=\"fa fa-comments\" aria-hidden=\"true\"><\/i>0<\/span><span class=\"cat-links\"><i class=\"fa fa-list-alt\" aria-hidden=\"true\"><\/i>\n<span class=\"screen-reader-text\">Posted in<\/span><a href=\"https:\/\/autonorte.com.br\/autonorte\/category\/uncategorized\/\" rel=\"category tag\">Uncategorized<\/a><\/span>\t\t\t\t\t<\/div>\n\t\t\t\t<\/div>\n\t\t\t<\/div>\n\t\t<\/div>\n\t<\/div>\n\t<div class=\"grid-item grid-style-2\">\n\t\t<div class=\"grid-item-wrapper bm_content_box\">\n\t\t\t<div class=\"grid-item-container\">\n\t\t\t\t<div class=\"grid-image entry-post-image\">\n\t\t\t\t\t<div class=\"bm-post-image clearfix bm-hover-effect bm-hover-effect-blur\">\n\t\t\t\t\t\t<img loading=\"lazy\" decoding=\"async\" width=\"250\" height=\"250\" src=\"https:\/\/autonorte.com.br\/autonorte\/wp-content\/uploads\/2023\/10\/Imagem-destacada-250x250.png\" class=\"attachment-bm-post-thumb size-bm-post-thumb wp-post-image\" alt=\"\" srcset=\"https:\/\/autonorte.com.br\/autonorte\/wp-content\/uploads\/2023\/10\/Imagem-destacada-250x250.png 250w, https:\/\/autonorte.com.br\/autonorte\/wp-content\/uploads\/2023\/10\/Imagem-destacada-150x150.png 150w\" sizes=\"(max-width: 250px) 100vw, 250px\" \/>\t\t\t\t\t<\/div>\n\t\t\t\t<\/div>\n\t\t\t\t<div class=\"bm-blog-post-content bm_content_box\">\n\t\t\t\t\t<h4 class=\"item-title bm_title\"><a href=\"https:\/\/autonorte.com.br\/autonorte\/2023\/10\/26\/inauguracao-da-filial-auto-norte-em-sao-luis-ma\/\" rel=\"bookmark\">Inaugura\u00e7\u00e3o da Filial Auto Norte em S\u00e3o Lu\u00eds\/MA<\/a><\/h4>\t\t\t\t\t<div class=\"item-excerpt bm_content\">\n\t\t\t\t\tCom imenso orgulho, o Grupo Auto Norte acaba de inagurar em Junho, a sua mais nova Filial em S\u00e3o Lu\u00eds \/ MA. A chegada nesta nova localiza\u00e7\u00e3o marca um passo<a href=\"https:\/\/autonorte.com.br\/autonorte\/2023\/10\/26\/inauguracao-da-filial-auto-norte-em-sao-luis-ma\/\" rel=\"bookmark\" class=\"more-info entry-read-more\">Read More \u00bb<\/a>\t\t\t\t\t<\/div>\n\t\t\t\t\t<div class=\"items-meta bm_meta\">\n\t\t\t\t\t<span class=\"byauthor\"><i class=\"fa fa-user\" aria-hidden=\"true\"><\/i><span class=\"screen-reader-text\">Posted by<\/span><span class=\"author vcard\"><a class=\"url fn n\" href=\"https:\/\/autonorte.com.br\/autonorte\/author\/admin\/\">admin<\/a><\/span><\/span><span class=\"posted-on\"><i class=\"fa fa-clock\" aria-hidden=\"true\"><\/i><a href=\"https:\/\/autonorte.com.br\/autonorte\/2023\/10\/26\/inauguracao-da-filial-auto-norte-em-sao-luis-ma\/\" rel=\"bookmark\">outubro 26, 2023<\/a><\/span><span class=\"comments-link\"><i class=\"fa fa-comments\" aria-hidden=\"true\"><\/i>0<\/span><span class=\"cat-links\"><i class=\"fa fa-list-alt\" aria-hidden=\"true\"><\/i>\n<span class=\"screen-reader-text\">Posted in<\/span><a href=\"https:\/\/autonorte.com.br\/autonorte\/category\/uncategorized\/\" rel=\"category tag\">Uncategorized<\/a><\/span>\t\t\t\t\t<\/div>\n\t\t\t\t<\/div>\n\t\t\t<\/div>\n\t\t<\/div>\n\t<\/div>\n\t<div class=\"grid-item grid-style-2\">\n\t\t<div class=\"grid-item-wrapper bm_content_box\">\n\t\t\t<div class=\"grid-item-container\">\n\t\t\t\t<div class=\"grid-image entry-post-image\">\n\t\t\t\t\t<div class=\"bm-post-image clearfix bm-hover-effect bm-hover-effect-blur\">\n\t\t\t\t\t\t<img loading=\"lazy\" decoding=\"async\" width=\"250\" height=\"250\" src=\"https:\/\/autonorte.com.br\/autonorte\/wp-content\/uploads\/2023\/10\/Sem-Titulo-1-250x250.png\" class=\"attachment-bm-post-thumb size-bm-post-thumb wp-post-image\" alt=\"\" srcset=\"https:\/\/autonorte.com.br\/autonorte\/wp-content\/uploads\/2023\/10\/Sem-Titulo-1-250x250.png 250w, https:\/\/autonorte.com.br\/autonorte\/wp-content\/uploads\/2023\/10\/Sem-Titulo-1-150x150.png 150w\" sizes=\"(max-width: 250px) 100vw, 250px\" \/>\t\t\t\t\t<\/div>\n\t\t\t\t<\/div>\n\t\t\t\t<div class=\"bm-blog-post-content bm_content_box\">\n\t\t\t\t\t<h4 class=\"item-title bm_title\"><a href=\"https:\/\/autonorte.com.br\/autonorte\/2023\/10\/26\/certificacao-gptw-2023-10a-vez-consecutiva\/\" rel=\"bookmark\">Certifica\u00e7\u00e3o GPTW &#8211; 2023 &#8211; 10\u00aa Vez Consecutiva<\/a><\/h4>\t\t\t\t\t<div class=\"item-excerpt bm_content\">\n\t\t\t\t\tEm mar\u00e7o de 2023 o Grupo Auto Norte foi agraciado, pela d\u00e9cima vez consecutiva, com o pr\u00eamio e certifica\u00e7\u00e3o \"Great Place to Work\" (GPTW)! Este reconhecimento \u00e9 um testemunho do<a href=\"https:\/\/autonorte.com.br\/autonorte\/2023\/10\/26\/certificacao-gptw-2023-10a-vez-consecutiva\/\" rel=\"bookmark\" class=\"more-info entry-read-more\">Read More \u00bb<\/a>\t\t\t\t\t<\/div>\n\t\t\t\t\t<div class=\"items-meta bm_meta\">\n\t\t\t\t\t<span class=\"byauthor\"><i class=\"fa fa-user\" aria-hidden=\"true\"><\/i><span class=\"screen-reader-text\">Posted by<\/span><span class=\"author vcard\"><a class=\"url fn n\" href=\"https:\/\/autonorte.com.br\/autonorte\/author\/admin\/\">admin<\/a><\/span><\/span><span class=\"posted-on\"><i class=\"fa fa-clock\" aria-hidden=\"true\"><\/i><a href=\"https:\/\/autonorte.com.br\/autonorte\/2023\/10\/26\/certificacao-gptw-2023-10a-vez-consecutiva\/\" rel=\"bookmark\">outubro 26, 2023<\/a><\/span><span class=\"comments-link\"><i class=\"fa fa-comments\" aria-hidden=\"true\"><\/i>0<\/span><span class=\"cat-links\"><i class=\"fa fa-list-alt\" aria-hidden=\"true\"><\/i>\n<span class=\"screen-reader-text\">Posted in<\/span><a href=\"https:\/\/autonorte.com.br\/autonorte\/category\/uncategorized\/\" rel=\"category tag\">Uncategorized<\/a><\/span>\t\t\t\t\t<\/div>\n\t\t\t\t<\/div>\n\t\t\t<\/div>\n\t\t<\/div>\n\t<\/div>\n\t<div class=\"grid-item grid-style-2\">\n\t\t<div class=\"grid-item-wrapper bm_content_box\">\n\t\t\t<div class=\"grid-item-container\">\n\t\t\t\t<div class=\"grid-image entry-post-image\">\n\t\t\t\t\t<div class=\"bm-post-image clearfix bm-hover-effect bm-hover-effect-blur\">\n\t\t\t\t\t\t<img loading=\"lazy\" decoding=\"async\" width=\"250\" height=\"250\" src=\"https:\/\/autonorte.com.br\/autonorte\/wp-content\/uploads\/2023\/10\/es-250x250.png\" class=\"attachment-bm-post-thumb size-bm-post-thumb wp-post-image\" alt=\"\" srcset=\"https:\/\/autonorte.com.br\/autonorte\/wp-content\/uploads\/2023\/10\/es-250x250.png 250w, https:\/\/autonorte.com.br\/autonorte\/wp-content\/uploads\/2023\/10\/es-150x150.png 150w\" sizes=\"(max-width: 250px) 100vw, 250px\" \/>\t\t\t\t\t<\/div>\n\t\t\t\t<\/div>\n\t\t\t\t<div class=\"bm-blog-post-content bm_content_box\">\n\t\t\t\t\t<h4 class=\"item-title bm_title\"><a href=\"https:\/\/autonorte.com.br\/autonorte\/2023\/10\/26\/inauguracao-da-filial-peca-brasil-em-sao-paulo\/\" rel=\"bookmark\">Inaugura\u00e7\u00e3o da Filial Pe\u00e7a Brasil em Esp\u00edrto Santo!<\/a><\/h4>\t\t\t\t\t<div class=\"item-excerpt bm_content\">\n\t\t\t\t\tO Grupo Auto Norte est\u00e1 fortalecendo cada vez mais sua presen\u00e7a no mercado expandindo suas opera\u00e7\u00f5es. Em janeiro de 2023, celebramos a inaugura\u00e7\u00e3o da segunda filial da Pe\u00e7a Brasil no<a href=\"https:\/\/autonorte.com.br\/autonorte\/2023\/10\/26\/inauguracao-da-filial-peca-brasil-em-sao-paulo\/\" rel=\"bookmark\" class=\"more-info entry-read-more\">Read More \u00bb<\/a>\t\t\t\t\t<\/div>\n\t\t\t\t\t<div class=\"items-meta bm_meta\">\n\t\t\t\t\t<span class=\"byauthor\"><i class=\"fa fa-user\" aria-hidden=\"true\"><\/i><span class=\"screen-reader-text\">Posted by<\/span><span class=\"author vcard\"><a class=\"url fn n\" href=\"https:\/\/autonorte.com.br\/autonorte\/author\/admin\/\">admin<\/a><\/span><\/span><span class=\"posted-on\"><i class=\"fa fa-clock\" aria-hidden=\"true\"><\/i><a href=\"https:\/\/autonorte.com.br\/autonorte\/2023\/10\/26\/inauguracao-da-filial-peca-brasil-em-sao-paulo\/\" rel=\"bookmark\">outubro 26, 2023<\/a><\/span><span class=\"comments-link\"><i class=\"fa fa-comments\" aria-hidden=\"true\"><\/i>0<\/span><span class=\"cat-links\"><i class=\"fa fa-list-alt\" aria-hidden=\"true\"><\/i>\n<span class=\"screen-reader-text\">Posted in<\/span><a href=\"https:\/\/autonorte.com.br\/autonorte\/category\/uncategorized\/\" rel=\"category tag\">Uncategorized<\/a><\/span>\t\t\t\t\t<\/div>\n\t\t\t\t<\/div>\n\t\t\t<\/div>\n\t\t<\/div>\n\t<\/div>\n\t\t\n<!-- End Blog Layout 2 -->\n\t\t\t\t<\/div><\/div>\n\t\t\t\t\t\t\t\t<\/div>\n\t\t\t\t<\/div>\n\t\t\t\t\t<\/div>\n\t\t<\/div>\n\t\t\t\t\t<\/div>\n\t\t<\/section>\n\t\t\t\t<\/div>\n\t\t","protected":false},"excerpt":{"rendered":"<p>Certifica\u00e7\u00e3o GPTW Pernambuco! Estamos emocionados em anunciar que o Grupo Auto Norte foi certificado pelo Great Place to Work a n\u00edvel Pernambuco. Este reconhecimento \u00e9 uma prova tang\u00edvel de nosso &#8230;<\/p>\n","protected":false},"author":1,"featured_media":0,"parent":0,"menu_order":0,"comment_status":"closed","ping_status":"closed","template":"elementor_canvas","meta":{"footnotes":""},"class_list":["post-955","page","type-page","status-publish","hentry"],"_links":{"self":[{"href":"https:\/\/autonorte.com.br\/autonorte\/wp-json\/wp\/v2\/pages\/955","targetHints":{"allow":["GET"]}}],"collection":[{"href":"https:\/\/autonorte.com.br\/autonorte\/wp-json\/wp\/v2\/pages"}],"about":[{"href":"https:\/\/autonorte.com.br\/autonorte\/wp-json\/wp\/v2\/types\/page"}],"author":[{"embeddable":true,"href":"https:\/\/autonorte.com.br\/autonorte\/wp-json\/wp\/v2\/users\/1"}],"replies":[{"embeddable":true,"href":"https:\/\/autonorte.com.br\/autonorte\/wp-json\/wp\/v2\/comments?post=955"}],"version-history":[{"count":7,"href":"https:\/\/autonorte.com.br\/autonorte\/wp-json\/wp\/v2\/pages\/955\/revisions"}],"predecessor-version":[{"id":3743,"href":"https:\/\/autonorte.com.br\/autonorte\/wp-json\/wp\/v2\/pages\/955\/revisions\/3743"}],"wp:attachment":[{"href":"https:\/\/autonorte.com.br\/autonorte\/wp-json\/wp\/v2\/media?parent=955"}],"curies":[{"name":"wp","href":"https:\/\/api.w.org\/{rel}","templated":true}]}}